{"id":7646,"date":"2025-05-28T12:50:50","date_gmt":"2025-05-28T10:50:50","guid":{"rendered":"https:\/\/www.i-sec.com\/?page_id=7646"},"modified":"2025-05-28T12:50:50","modified_gmt":"2025-05-28T10:50:50","slug":"aviso-legal","status":"publish","type":"page","link":"https:\/\/www.i-sec.com\/es\/aviso-legal","title":{"rendered":"Aviso legal"},"content":{"rendered":"<p><strong>T\u00e9rminos y Condiciones del Sitio We<\/strong>b<br \/>\n\u00daltima actualizaci\u00f3n: 28\/05\/2025<br \/>\n<strong>1. T\u00e9rminos de uso<\/strong><br \/>\nEl acceso y uso de I-sec. com\/es (\u00abSitio Web\u00bb) es proporcionado por I-Sec Aviation Security S.L. y por I Sec Spain Services Management S.l. en los t\u00e9rminos y condiciones que se establecen a continuaci\u00f3n. Al acceder y usar el sitio web, estar\u00e1 sujeto a estos t\u00e9rminos. Tenga en cuenta que estos t\u00e9rminos est\u00e1n sujetos a cambios ocasionales, por lo que debe verificarlos regularmente. El uso continuado de este sitio web se considerar\u00e1 como la aceptaci\u00f3n de los t\u00e9rminos y condiciones actualizados o modificados.<br \/>\n<strong>2. Uso de la p\u00e1gina web<\/strong><br \/>\nUsted reconoce que utilizar\u00e1 el sitio web s\u00f3lo para fines legales, para su uso comercial personal o interno.<\/p>\n<p><strong>3. Copyright<\/strong><br \/>\nTodos los derechos de autor, marcas comerciales, derechos de dise\u00f1o, patentes y otros derechos de propiedad intelectual de este sitio web est\u00e1n conferidos a [nombre de la empresa] o a sus licenciantes. Todos los avisos de derechos de autor en cualquier material original deben conservarse.<br \/>\nExceptuando la informaci\u00f3n relacionada con sus datos personales (por ejemplo, la informaci\u00f3n provista en los formularios de contacto), otorga a I-Sec Aviation Security S.L. y I-Sec Spain Services Management S.l. una licencia mundial, no exclusiva y de acceso libre para usar, copiar, reproducir, procesar, modificar, publicar, transmitir y mostrar cualquier contenido que introduzca en el sitio web con cualquier finalidad.<br \/>\nEste sitio web no puede ser modificado, desmontado, descompilado o modificado de ninguna manera. No se puede reproducir ninguna parte del sitio web sin nuestro permiso expreso.<br \/>\n<strong>4. Disponibilidad<\/strong><br \/>\nSi bien nos esforzamos por garantizar que la disponibilidad del sitio web siga siendo alta y por mantener la continuidad del sitio web, internet no siempre es un entorno estable y no seremos responsables si, por alguna raz\u00f3n, el sitio web no est\u00e1 disponible en alg\u00fan momento. El acceso al sitio web puede suspenderse temporalmente y sin previo aviso en caso de un fallo del sistema, mantenimiento o reparaci\u00f3n o por razones ajenas a nuestro control. No seremos responsables por la falta de suministro o demora en la prestaci\u00f3n de un servicio a trav\u00e9s de este sitio web como resultado de un evento fuera de nuestro control razonable que incluye (sin limitaci\u00f3n) huelgas, aver\u00edas de sistemas o acceso a la red, incendio, explosi\u00f3n o accidente fallo de cualquier tercero proveedor de telecomunicaciones o servicios.<br \/>\n<strong>5. Uso permitido<\/strong><br \/>\nLe otorgamos permiso para acceder y usar nuestro sitio web, sujeto a las siguientes condiciones:<br \/>\ni. No distribuir ninguna parte o partes del sitio web, incluyendo, entre otros, el contenido de cualquier sitio web, en cualquier medio sin nuestra autorizaci\u00f3n previa;<br \/>\nii. No alterar o modificar ninguna parte del sitio web;<br \/>\niii. No inhabilitar o interferir con ninguna caracter\u00edstica relacionada con la seguridad del sitio web;<br \/>\niv. No utilizar el sitio web de ninguna manera que sea, o pueda estar afectando al acceso de los usuarios a este sitio web;<br \/>\nv. No utilizar, el sitio web para cualquier prop\u00f3sito que sea ilegal, difamatorio, acosador, abusivo, fraudulento u obsceno o en cualquier otro lugar inapropiado<br \/>\nCualquier violaci\u00f3n de las condiciones mencionadas arriba constituir\u00e1n una violaci\u00f3n de los T\u00e9rminos y Condiciones del sitio web.<br \/>\n<strong>6. Violaci\u00f3n de los T\u00e9rminos y Condiciones del Sitio Web<\/strong><br \/>\nSi consideramos que ha incumplido alguno de los t\u00e9rminos de uso aceptables de este sitio web, podemos tomar las medidas que consideremos apropiadas, incluidas, entre otras, las siguientes:<br \/>\ni. Enviarle una advertencia.<br \/>\nii. Llevar a cabo procedimientos legales en su contra para el reembolso de todos los costes sobre una base de indemnizaci\u00f3n resultante de la violaci\u00f3n.<br \/>\niii. Si usted es un usuario registrado, se retirar\u00eda de forma inmediata, temporal o permanente su derecho de uso de nuestro sitio.<br \/>\niv. Comunicaci\u00f3n de dicha informaci\u00f3n a las autoridades encargadas de hacer cumplir la ley, como razonablemente creamos que sea necesario.<br \/>\nExcluimos la responsabilidad por acciones tomadas en respuesta a violaciones de los t\u00e9rminos de uso aceptables de este sitio web. Las respuestas descritas anteriormente no est\u00e1n limitadas, y podemos tomar cualquier otra medida que razonablemente consideremos apropiada.<br \/>\n<strong>7. Aviso legal<\/strong><br \/>\nSu acceso y uso del sitio web es bajo su propio riesgo. El sitio web se proporciona \u00abtal cual\u00bb. por I-Sec Aviation Security S.L. y I Sec Spain Services Management S.l. no ofrecen garant\u00edas, representaciones o compromisos sobre el contenido de este sitio web. Cuando corresponda, sus derechos legales no se ven afectados por estos t\u00e9rminos. En particular, I-Sec Aviation Security S.L. y I-Sec Spain Services Management S.l. toman todas las medidas necesarias para proteger a nuestros usuarios de cualquier malware o error u otros elementos de naturaleza destructiva. Sin embargo, I-Sec Aviation Security S.L. y I-Sec Spain Services Management S.l. no pueden garantizar que este sitio web est\u00e9 libre de malware o errores y otros elementos de naturaleza destructiva. Usted es responsable de implementar suficientes procedimientos y comprobaciones de virus (incluidos antivirus y otras comprobaciones de seguridad) para satisfacer los requisitos de precisi\u00f3n y seguridad en la entrada y salida de datos.<\/p>\n<p>I-Sec Aviation Security S.L. y I-Sec Spain Services Management S.l. no ser\u00e1n responsable por da\u00f1os, p\u00e9rdidas (ya sean directas, indirectas o consecuentes), gastos, responsabilidades, p\u00e9rdida de ganancias o costes resultantes del uso, acceso o dependencia de la informaci\u00f3n proporcionada por sus empleados, agentes o subcontratistas en relaci\u00f3n con, contenido en o disponible a trav\u00e9s de su sitio web.<br \/>\n<strong>8. Enlaces hacia y desde otros sitios web<\/strong><br \/>\nEn todos los casos en que nuestro sitio web contenga enlaces a otros sitios web y recursos proporcionados por terceros, estos enlaces se proporcionan s\u00f3lo para su informaci\u00f3n y no representan su aprobaci\u00f3n. No tenemos control sobre el contenido de esos sitios web o recursos y, como tales, no ofrecemos garant\u00edas ni afirmaciones sobre su contenido, ni I-Sec Aviation Security S.L. ni I-Sec Spain Services Management S.l. Security tienen ninguna responsabilidad en relaci\u00f3n con ninguno de ellos (incluidos, entre otros, la responsabilidad que surja de cualquier alegaci\u00f3n de que el contenido de un sitio de un tercero infringe alguna ley o los derechos de cualquier persona o de si es obsceno, difamatorio o escandaloso).<br \/>\n<strong>9. Datos personales<\/strong><br \/>\nI-Sec Aviation Security S.L. y I-Sec Spain Services Management S.l. tratar\u00e1n sus datos personales de acuerdo con el Reglamento General de Protecci\u00f3n de Datos (\u00abRGPD\u00bb) y las leyes de protecci\u00f3n de datos adicionales. Para obtener m\u00e1s informaci\u00f3n sobre c\u00f3mo usamos sus datos personales, puede acceder a la Pol\u00edtica de Privacidad de nuestro sitio web aqu\u00ed: [Pol\u00edtica de privacidad del sitio web]<br \/>\n<strong>10. Ley y Jurisdicci\u00f3n<\/strong><br \/>\nEste acuerdo y cualquier conflicto que surja de \u00e9l se regir\u00e1n por la legislaci\u00f3n de Espa\u00f1a. Cualquier conflicto o reclamaci\u00f3n que surja de o est\u00e9 en conexi\u00f3n con este acuerdo o su formaci\u00f3n (incluidos conflictos o reclamaciones no contractuales) deben estar sujetas a la jurisdicci\u00f3n exclusiva de los tribunales de Espa\u00f1a.<br \/>\n<strong>11. Contacte con nosotros<\/strong><br \/>\nPuede contactar con nosotros en: info-es@i-sec.com<\/p>\n","protected":false},"excerpt":{"rendered":"<p>T\u00e9rminos y Condiciones del Sitio Web \u00daltima actualizaci\u00f3n: 28\/05\/2025 1. T\u00e9rminos de uso El acceso y uso de I-sec. com\/es (\u00abSitio Web\u00bb) es proporcionado por I-Sec Aviation Security S.L. y por I Sec Spain Services Management S.l. en los t\u00e9rminos y condiciones que se establecen a continuaci\u00f3n. Al acceder y usar el sitio web, estar\u00e1 [&hellip;]<\/p>\n","protected":false},"author":17,"featured_media":0,"parent":0,"menu_order":0,"comment_status":"closed","ping_status":"closed","template":"","meta":{"_acf_changed":false,"footnotes":""},"class_list":["post-7646","page","type-page","status-publish","hentry"],"acf":[],"yoast_head":"<!-- This site is optimized with the Yoast SEO plugin v26.9 - https:\/\/yoast.com\/product\/yoast-seo-wordpress\/ -->\n<title>Aviso legal - I-SEC<\/title>\n<meta name=\"robots\" content=\"index, follow, max-snippet:-1, max-image-preview:large, max-video-preview:-1\" \/>\n<link rel=\"canonical\" href=\"https:\/\/www.i-sec.com\/es\/aviso-legal\" \/>\n<meta property=\"og:locale\" content=\"es_ES\" \/>\n<meta property=\"og:type\" content=\"article\" \/>\n<meta property=\"og:title\" content=\"Aviso legal - I-SEC\" \/>\n<meta property=\"og:description\" content=\"T\u00e9rminos y Condiciones del Sitio Web \u00daltima actualizaci\u00f3n: 28\/05\/2025 1. T\u00e9rminos de uso El acceso y uso de I-sec. com\/es (\u00abSitio Web\u00bb) es proporcionado por I-Sec Aviation Security S.L. y por I Sec Spain Services Management S.l. en los t\u00e9rminos y condiciones que se establecen a continuaci\u00f3n. Al acceder y usar el sitio web, estar\u00e1 [&hellip;]\" \/>\n<meta property=\"og:url\" content=\"https:\/\/www.i-sec.com\/es\/aviso-legal\" \/>\n<meta property=\"og:site_name\" content=\"I-SEC\" \/>\n<meta name=\"twitter:card\" content=\"summary_large_image\" \/>\n<meta name=\"twitter:label1\" content=\"Tiempo de lectura\" \/>\n\t<meta name=\"twitter:data1\" content=\"5 minutos\" \/>\n<script type=\"application\/ld+json\" class=\"yoast-schema-graph\">{\"@context\":\"https:\/\/schema.org\",\"@graph\":[{\"@type\":\"WebPage\",\"@id\":\"https:\/\/www.i-sec.com\/es\/aviso-legal\",\"url\":\"https:\/\/www.i-sec.com\/es\/aviso-legal\",\"name\":\"Aviso legal - I-SEC\",\"isPartOf\":{\"@id\":\"https:\/\/www.i-sec.com\/es#website\"},\"datePublished\":\"2025-05-28T10:50:50+00:00\",\"breadcrumb\":{\"@id\":\"https:\/\/www.i-sec.com\/es\/aviso-legal#breadcrumb\"},\"inLanguage\":\"es\",\"potentialAction\":[{\"@type\":\"ReadAction\",\"target\":[\"https:\/\/www.i-sec.com\/es\/aviso-legal\"]}]},{\"@type\":\"BreadcrumbList\",\"@id\":\"https:\/\/www.i-sec.com\/es\/aviso-legal#breadcrumb\",\"itemListElement\":[{\"@type\":\"ListItem\",\"position\":1,\"name\":\"Home\",\"item\":\"https:\/\/www.i-sec.com\/es\"},{\"@type\":\"ListItem\",\"position\":2,\"name\":\"Aviso legal\"}]},{\"@type\":\"WebSite\",\"@id\":\"https:\/\/www.i-sec.com\/es#website\",\"url\":\"https:\/\/www.i-sec.com\/es\",\"name\":\"I-SEC\",\"description\":\"\",\"potentialAction\":[{\"@type\":\"SearchAction\",\"target\":{\"@type\":\"EntryPoint\",\"urlTemplate\":\"https:\/\/www.i-sec.com\/es?s={search_term_string}\"},\"query-input\":{\"@type\":\"PropertyValueSpecification\",\"valueRequired\":true,\"valueName\":\"search_term_string\"}}],\"inLanguage\":\"es\"}]}<\/script>\n<!-- \/ Yoast SEO plugin. -->","yoast_head_json":{"title":"Aviso legal - I-SEC","robots":{"index":"index","follow":"follow","max-snippet":"max-snippet:-1","max-image-preview":"max-image-preview:large","max-video-preview":"max-video-preview:-1"},"canonical":"https:\/\/www.i-sec.com\/es\/aviso-legal","og_locale":"es_ES","og_type":"article","og_title":"Aviso legal - I-SEC","og_description":"T\u00e9rminos y Condiciones del Sitio Web \u00daltima actualizaci\u00f3n: 28\/05\/2025 1. T\u00e9rminos de uso El acceso y uso de I-sec. com\/es (\u00abSitio Web\u00bb) es proporcionado por I-Sec Aviation Security S.L. y por I Sec Spain Services Management S.l. en los t\u00e9rminos y condiciones que se establecen a continuaci\u00f3n. Al acceder y usar el sitio web, estar\u00e1 [&hellip;]","og_url":"https:\/\/www.i-sec.com\/es\/aviso-legal","og_site_name":"I-SEC","twitter_card":"summary_large_image","twitter_misc":{"Tiempo de lectura":"5 minutos"},"schema":{"@context":"https:\/\/schema.org","@graph":[{"@type":"WebPage","@id":"https:\/\/www.i-sec.com\/es\/aviso-legal","url":"https:\/\/www.i-sec.com\/es\/aviso-legal","name":"Aviso legal - I-SEC","isPartOf":{"@id":"https:\/\/www.i-sec.com\/es#website"},"datePublished":"2025-05-28T10:50:50+00:00","breadcrumb":{"@id":"https:\/\/www.i-sec.com\/es\/aviso-legal#breadcrumb"},"inLanguage":"es","potentialAction":[{"@type":"ReadAction","target":["https:\/\/www.i-sec.com\/es\/aviso-legal"]}]},{"@type":"BreadcrumbList","@id":"https:\/\/www.i-sec.com\/es\/aviso-legal#breadcrumb","itemListElement":[{"@type":"ListItem","position":1,"name":"Home","item":"https:\/\/www.i-sec.com\/es"},{"@type":"ListItem","position":2,"name":"Aviso legal"}]},{"@type":"WebSite","@id":"https:\/\/www.i-sec.com\/es#website","url":"https:\/\/www.i-sec.com\/es","name":"I-SEC","description":"","potentialAction":[{"@type":"SearchAction","target":{"@type":"EntryPoint","urlTemplate":"https:\/\/www.i-sec.com\/es?s={search_term_string}"},"query-input":{"@type":"PropertyValueSpecification","valueRequired":true,"valueName":"search_term_string"}}],"inLanguage":"es"}]}},"_links":{"self":[{"href":"https:\/\/www.i-sec.com\/es\/wp-json\/wp\/v2\/pages\/7646","targetHints":{"allow":["GET"]}}],"collection":[{"href":"https:\/\/www.i-sec.com\/es\/wp-json\/wp\/v2\/pages"}],"about":[{"href":"https:\/\/www.i-sec.com\/es\/wp-json\/wp\/v2\/types\/page"}],"author":[{"embeddable":true,"href":"https:\/\/www.i-sec.com\/es\/wp-json\/wp\/v2\/users\/17"}],"replies":[{"embeddable":true,"href":"https:\/\/www.i-sec.com\/es\/wp-json\/wp\/v2\/comments?post=7646"}],"version-history":[{"count":1,"href":"https:\/\/www.i-sec.com\/es\/wp-json\/wp\/v2\/pages\/7646\/revisions"}],"predecessor-version":[{"id":7647,"href":"https:\/\/www.i-sec.com\/es\/wp-json\/wp\/v2\/pages\/7646\/revisions\/7647"}],"wp:attachment":[{"href":"https:\/\/www.i-sec.com\/es\/wp-json\/wp\/v2\/media?parent=7646"}],"curies":[{"name":"wp","href":"https:\/\/api.w.org\/{rel}","templated":true}]}}