{"id":4955,"date":"2024-12-16T16:27:37","date_gmt":"2024-12-16T15:27:37","guid":{"rendered":"https:\/\/www.i-sec.com\/?page_id=4955"},"modified":"2025-09-09T14:15:21","modified_gmt":"2025-09-09T12:15:21","slug":"politicas","status":"publish","type":"page","link":"https:\/\/www.i-sec.com\/es\/politicas","title":{"rendered":"Pol\u00edticas y RSC"},"content":{"rendered":"<p data-start=\"120\" data-end=\"164\"><strong data-start=\"120\" data-end=\"164\">Documentaci\u00f3n Corporativa de I-SEC Spain<\/strong><\/p>\n<p data-start=\"166\" data-end=\"546\">En I-SEC Spain, nuestro compromiso con la excelencia, la transparencia y la responsabilidad se refleja en nuestras pol\u00edticas y normativas internas. A continuaci\u00f3n, ponemos a disposici\u00f3n p\u00fablica una selecci\u00f3n de documentos clave que rigen nuestro modelo de gesti\u00f3n, nuestros principios \u00e9ticos, y nuestro compromiso con la igualdad, la sostenibilidad y la continuidad del negocio.<\/p>\n<p data-start=\"548\" data-end=\"656\">Estos documentos definen los valores fundamentales y las directrices que gu\u00edan nuestras operaciones diarias.<\/p>\n<p data-start=\"548\" data-end=\"656\">Invitamos a todos nuestros grupos de inter\u00e9s a consultarlos y conocer de primera mano nuestro compromiso con una gesti\u00f3n responsable, \u00e9tica e inclusiva.:<\/p>\n<p><strong><a href=\"https:\/\/www.i-sec.com\/app\/uploads\/2025\/05\/POL-Politica-Integrada-de-Gestion-I-SEC-SPAIN-ED.2.pdf\">Politica Integrada de Gesti\u00f3n I-SEC SPAIN\u00a0<\/a><\/strong><\/p>\n<p><strong><a href=\"https:\/\/www.i-sec.com\/app\/uploads\/2025\/05\/POL-CN-POLITICA-DE-CONTINUIDAD-DE-NEGOCIO-Ed1_10.24.pdf\">Politica de continuidad de negocio<\/a><\/strong><\/p>\n<p><strong><a href=\"https:\/\/www.i-sec.com\/app\/uploads\/2025\/05\/ANEXO-VII-codigo-etico-CON-MPD-V3.23EE-v.BA-I-SEC-AVIATION-SECURITY-S.L_.pdf\">C\u00f3digo \u00e9tico I-SEC Spain Aviation security S.L.<\/a><\/strong><\/p>\n<p><strong><a href=\"https:\/\/www.i-sec.com\/app\/uploads\/2025\/05\/I-SEC-Plan-de-Igualdad.pdf\">I-SEC &#8211; Plan de Igualdad<\/a>\u00a0<\/strong><\/p>\n<p><strong><a href=\"https:\/\/www.i-sec.com\/app\/uploads\/2025\/05\/ANEXO-VII-codigo-etico-CON-MPD-V3.23EE-v.BA-I-SEC-SPAIN-SERVICES-MANAGEMENT-S.L_.pdf\">\u00a0C\u00f3digo-\u00e9tico I-SEC Spain Services Management S.L_<\/a> <\/strong><\/p>\n<p><strong><a href=\"https:\/\/www.i-sec.com\/app\/uploads\/2025\/05\/INFORME-ESTADO-INFORMACION-NO-FINANCIERA-EINF_verificado.pdf\">Informe de estado de informaci\u00f3n no financiera (EINF)<\/a><\/strong><\/p>\n<p><img loading=\"lazy\" decoding=\"async\" class=\"alignnone size-medium wp-image-2612\" src=\"https:\/\/www.i-sec.com\/app\/uploads\/2024\/12\/Brand-Spain-45001-300x162.jpg\" alt=\"ISO 45001 logo\" width=\"260\" height=\"140\" \/><img loading=\"lazy\" decoding=\"async\" class=\"alignnone size-medium wp-image-4903\" src=\"https:\/\/www.i-sec.com\/app\/uploads\/2024\/12\/Brand-Spain-14001-300x162.jpg\" alt=\"\" width=\"300\" height=\"162\" srcset=\"https:\/\/www.i-sec.com\/app\/uploads\/2024\/12\/Brand-Spain-14001-300x162.jpg 300w, https:\/\/www.i-sec.com\/app\/uploads\/2024\/12\/Brand-Spain-14001-1024x553.jpg 1024w, https:\/\/www.i-sec.com\/app\/uploads\/2024\/12\/Brand-Spain-14001-768x415.jpg 768w, https:\/\/www.i-sec.com\/app\/uploads\/2024\/12\/Brand-Spain-14001-1536x830.jpg 1536w, https:\/\/www.i-sec.com\/app\/uploads\/2024\/12\/Brand-Spain-14001-2048x1106.jpg 2048w\" sizes=\"auto, (max-width: 300px) 100vw, 300px\" \/> <img loading=\"lazy\" decoding=\"async\" class=\"alignnone size-medium wp-image-4893\" src=\"https:\/\/www.i-sec.com\/app\/uploads\/2024\/12\/Brand-Spain-9001-300x162.jpg\" alt=\"\" width=\"300\" height=\"162\" srcset=\"https:\/\/www.i-sec.com\/app\/uploads\/2024\/12\/Brand-Spain-9001-300x162.jpg 300w, https:\/\/www.i-sec.com\/app\/uploads\/2024\/12\/Brand-Spain-9001-1024x553.jpg 1024w, https:\/\/www.i-sec.com\/app\/uploads\/2024\/12\/Brand-Spain-9001-768x415.jpg 768w, https:\/\/www.i-sec.com\/app\/uploads\/2024\/12\/Brand-Spain-9001-1536x830.jpg 1536w, https:\/\/www.i-sec.com\/app\/uploads\/2024\/12\/Brand-Spain-9001-2048x1106.jpg 2048w\" sizes=\"auto, (max-width: 300px) 100vw, 300px\" \/>\u00a0\u00a0<img loading=\"lazy\" decoding=\"async\" class=\"alignnone size-full wp-image-7687\" src=\"https:\/\/www.i-sec.com\/app\/uploads\/2025\/05\/ISO-27001-TUVNord.png\" alt=\"\" width=\"225\" height=\"225\" srcset=\"https:\/\/www.i-sec.com\/app\/uploads\/2025\/05\/ISO-27001-TUVNord.png 225w, https:\/\/www.i-sec.com\/app\/uploads\/2025\/05\/ISO-27001-TUVNord-150x150.png 150w\" sizes=\"auto, (max-width: 225px) 100vw, 225px\" \/><img loading=\"lazy\" decoding=\"async\" class=\"alignnone  wp-image-4943\" src=\"https:\/\/www.i-sec.com\/app\/uploads\/2024\/12\/Seal-Colour-Alcumus-ISOQAR-27001-1536x1536-Copy-300x300.jpg\" alt=\"\" width=\"224\" height=\"224\" srcset=\"https:\/\/www.i-sec.com\/app\/uploads\/2024\/12\/Seal-Colour-Alcumus-ISOQAR-27001-1536x1536-Copy-300x300.jpg 300w, https:\/\/www.i-sec.com\/app\/uploads\/2024\/12\/Seal-Colour-Alcumus-ISOQAR-27001-1536x1536-Copy-1024x1024.jpg 1024w, https:\/\/www.i-sec.com\/app\/uploads\/2024\/12\/Seal-Colour-Alcumus-ISOQAR-27001-1536x1536-Copy-150x150.jpg 150w, https:\/\/www.i-sec.com\/app\/uploads\/2024\/12\/Seal-Colour-Alcumus-ISOQAR-27001-1536x1536-Copy-768x768.jpg 768w, https:\/\/www.i-sec.com\/app\/uploads\/2024\/12\/Seal-Colour-Alcumus-ISOQAR-27001-1536x1536-Copy.jpg 1536w\" sizes=\"auto, (max-width: 224px) 100vw, 224px\" \/> <img loading=\"lazy\" decoding=\"async\" class=\"alignnone  wp-image-9540\" src=\"https:\/\/www.i-sec.com\/app\/uploads\/2025\/09\/Seal-Colour-Alcumus-ISOQAR-22301.png\" alt=\"\" width=\"248\" height=\"240\" \/><\/p>\n<p data-start=\"947\" data-end=\"1099\">\n","protected":false},"excerpt":{"rendered":"<p>Documentaci\u00f3n Corporativa de I-SEC Spain En I-SEC Spain, nuestro compromiso con la excelencia, la transparencia y la responsabilidad se refleja en nuestras pol\u00edticas y normativas internas. A continuaci\u00f3n, ponemos a disposici\u00f3n p\u00fablica una selecci\u00f3n de documentos clave que rigen nuestro modelo de gesti\u00f3n, nuestros principios \u00e9ticos, y nuestro compromiso con la igualdad, la sostenibilidad y [&hellip;]<\/p>\n","protected":false},"author":1,"featured_media":0,"parent":0,"menu_order":0,"comment_status":"closed","ping_status":"closed","template":"","meta":{"_acf_changed":false,"footnotes":""},"class_list":["post-4955","page","type-page","status-publish","hentry"],"acf":[],"yoast_head":"<!-- This site is optimized with the Yoast SEO plugin v26.9 - https:\/\/yoast.com\/product\/yoast-seo-wordpress\/ -->\n<title>Pol\u00edticas y RSC - I-SEC<\/title>\n<meta name=\"robots\" content=\"index, follow, max-snippet:-1, max-image-preview:large, max-video-preview:-1\" \/>\n<link rel=\"canonical\" href=\"https:\/\/www.i-sec.com\/es\/politicas\" \/>\n<meta property=\"og:locale\" content=\"es_ES\" \/>\n<meta property=\"og:type\" content=\"article\" \/>\n<meta property=\"og:title\" content=\"Pol\u00edticas y RSC - I-SEC\" \/>\n<meta property=\"og:description\" content=\"Documentaci\u00f3n Corporativa de I-SEC Spain En I-SEC Spain, nuestro compromiso con la excelencia, la transparencia y la responsabilidad se refleja en nuestras pol\u00edticas y normativas internas. A continuaci\u00f3n, ponemos a disposici\u00f3n p\u00fablica una selecci\u00f3n de documentos clave que rigen nuestro modelo de gesti\u00f3n, nuestros principios \u00e9ticos, y nuestro compromiso con la igualdad, la sostenibilidad y [&hellip;]\" \/>\n<meta property=\"og:url\" content=\"https:\/\/www.i-sec.com\/es\/politicas\" \/>\n<meta property=\"og:site_name\" content=\"I-SEC\" \/>\n<meta property=\"article:modified_time\" content=\"2025-09-09T12:15:21+00:00\" \/>\n<meta name=\"twitter:card\" content=\"summary_large_image\" \/>\n<meta name=\"twitter:label1\" content=\"Tiempo de lectura\" \/>\n\t<meta name=\"twitter:data1\" content=\"2 minutos\" \/>\n<script type=\"application\/ld+json\" class=\"yoast-schema-graph\">{\"@context\":\"https:\/\/schema.org\",\"@graph\":[{\"@type\":\"WebPage\",\"@id\":\"https:\/\/www.i-sec.com\/es\/politicas\",\"url\":\"https:\/\/www.i-sec.com\/es\/politicas\",\"name\":\"Pol\u00edticas y RSC - I-SEC\",\"isPartOf\":{\"@id\":\"https:\/\/www.i-sec.com\/es#website\"},\"primaryImageOfPage\":{\"@id\":\"https:\/\/www.i-sec.com\/es\/politicas#primaryimage\"},\"image\":{\"@id\":\"https:\/\/www.i-sec.com\/es\/politicas#primaryimage\"},\"thumbnailUrl\":\"https:\/\/www.i-sec.com\/app\/uploads\/2024\/12\/Brand-Spain-45001-300x162.jpg\",\"datePublished\":\"2024-12-16T15:27:37+00:00\",\"dateModified\":\"2025-09-09T12:15:21+00:00\",\"breadcrumb\":{\"@id\":\"https:\/\/www.i-sec.com\/es\/politicas#breadcrumb\"},\"inLanguage\":\"es\",\"potentialAction\":[{\"@type\":\"ReadAction\",\"target\":[\"https:\/\/www.i-sec.com\/es\/politicas\"]}]},{\"@type\":\"ImageObject\",\"inLanguage\":\"es\",\"@id\":\"https:\/\/www.i-sec.com\/es\/politicas#primaryimage\",\"url\":\"https:\/\/www.i-sec.com\/app\/uploads\/2024\/12\/Brand-Spain-45001-300x162.jpg\",\"contentUrl\":\"https:\/\/www.i-sec.com\/app\/uploads\/2024\/12\/Brand-Spain-45001-300x162.jpg\"},{\"@type\":\"BreadcrumbList\",\"@id\":\"https:\/\/www.i-sec.com\/es\/politicas#breadcrumb\",\"itemListElement\":[{\"@type\":\"ListItem\",\"position\":1,\"name\":\"Home\",\"item\":\"https:\/\/www.i-sec.com\/es\"},{\"@type\":\"ListItem\",\"position\":2,\"name\":\"Pol\u00edticas y RSC\"}]},{\"@type\":\"WebSite\",\"@id\":\"https:\/\/www.i-sec.com\/es#website\",\"url\":\"https:\/\/www.i-sec.com\/es\",\"name\":\"I-SEC\",\"description\":\"\",\"potentialAction\":[{\"@type\":\"SearchAction\",\"target\":{\"@type\":\"EntryPoint\",\"urlTemplate\":\"https:\/\/www.i-sec.com\/es?s={search_term_string}\"},\"query-input\":{\"@type\":\"PropertyValueSpecification\",\"valueRequired\":true,\"valueName\":\"search_term_string\"}}],\"inLanguage\":\"es\"}]}<\/script>\n<!-- \/ Yoast SEO plugin. -->","yoast_head_json":{"title":"Pol\u00edticas y RSC - I-SEC","robots":{"index":"index","follow":"follow","max-snippet":"max-snippet:-1","max-image-preview":"max-image-preview:large","max-video-preview":"max-video-preview:-1"},"canonical":"https:\/\/www.i-sec.com\/es\/politicas","og_locale":"es_ES","og_type":"article","og_title":"Pol\u00edticas y RSC - I-SEC","og_description":"Documentaci\u00f3n Corporativa de I-SEC Spain En I-SEC Spain, nuestro compromiso con la excelencia, la transparencia y la responsabilidad se refleja en nuestras pol\u00edticas y normativas internas. A continuaci\u00f3n, ponemos a disposici\u00f3n p\u00fablica una selecci\u00f3n de documentos clave que rigen nuestro modelo de gesti\u00f3n, nuestros principios \u00e9ticos, y nuestro compromiso con la igualdad, la sostenibilidad y [&hellip;]","og_url":"https:\/\/www.i-sec.com\/es\/politicas","og_site_name":"I-SEC","article_modified_time":"2025-09-09T12:15:21+00:00","twitter_card":"summary_large_image","twitter_misc":{"Tiempo de lectura":"2 minutos"},"schema":{"@context":"https:\/\/schema.org","@graph":[{"@type":"WebPage","@id":"https:\/\/www.i-sec.com\/es\/politicas","url":"https:\/\/www.i-sec.com\/es\/politicas","name":"Pol\u00edticas y RSC - I-SEC","isPartOf":{"@id":"https:\/\/www.i-sec.com\/es#website"},"primaryImageOfPage":{"@id":"https:\/\/www.i-sec.com\/es\/politicas#primaryimage"},"image":{"@id":"https:\/\/www.i-sec.com\/es\/politicas#primaryimage"},"thumbnailUrl":"https:\/\/www.i-sec.com\/app\/uploads\/2024\/12\/Brand-Spain-45001-300x162.jpg","datePublished":"2024-12-16T15:27:37+00:00","dateModified":"2025-09-09T12:15:21+00:00","breadcrumb":{"@id":"https:\/\/www.i-sec.com\/es\/politicas#breadcrumb"},"inLanguage":"es","potentialAction":[{"@type":"ReadAction","target":["https:\/\/www.i-sec.com\/es\/politicas"]}]},{"@type":"ImageObject","inLanguage":"es","@id":"https:\/\/www.i-sec.com\/es\/politicas#primaryimage","url":"https:\/\/www.i-sec.com\/app\/uploads\/2024\/12\/Brand-Spain-45001-300x162.jpg","contentUrl":"https:\/\/www.i-sec.com\/app\/uploads\/2024\/12\/Brand-Spain-45001-300x162.jpg"},{"@type":"BreadcrumbList","@id":"https:\/\/www.i-sec.com\/es\/politicas#breadcrumb","itemListElement":[{"@type":"ListItem","position":1,"name":"Home","item":"https:\/\/www.i-sec.com\/es"},{"@type":"ListItem","position":2,"name":"Pol\u00edticas y RSC"}]},{"@type":"WebSite","@id":"https:\/\/www.i-sec.com\/es#website","url":"https:\/\/www.i-sec.com\/es","name":"I-SEC","description":"","potentialAction":[{"@type":"SearchAction","target":{"@type":"EntryPoint","urlTemplate":"https:\/\/www.i-sec.com\/es?s={search_term_string}"},"query-input":{"@type":"PropertyValueSpecification","valueRequired":true,"valueName":"search_term_string"}}],"inLanguage":"es"}]}},"_links":{"self":[{"href":"https:\/\/www.i-sec.com\/es\/wp-json\/wp\/v2\/pages\/4955","targetHints":{"allow":["GET"]}}],"collection":[{"href":"https:\/\/www.i-sec.com\/es\/wp-json\/wp\/v2\/pages"}],"about":[{"href":"https:\/\/www.i-sec.com\/es\/wp-json\/wp\/v2\/types\/page"}],"author":[{"embeddable":true,"href":"https:\/\/www.i-sec.com\/es\/wp-json\/wp\/v2\/users\/1"}],"replies":[{"embeddable":true,"href":"https:\/\/www.i-sec.com\/es\/wp-json\/wp\/v2\/comments?post=4955"}],"version-history":[{"count":8,"href":"https:\/\/www.i-sec.com\/es\/wp-json\/wp\/v2\/pages\/4955\/revisions"}],"predecessor-version":[{"id":9550,"href":"https:\/\/www.i-sec.com\/es\/wp-json\/wp\/v2\/pages\/4955\/revisions\/9550"}],"wp:attachment":[{"href":"https:\/\/www.i-sec.com\/es\/wp-json\/wp\/v2\/media?parent=4955"}],"curies":[{"name":"wp","href":"https:\/\/api.w.org\/{rel}","templated":true}]}}