{"id":1454,"date":"2024-05-02T17:10:55","date_gmt":"2024-05-02T15:10:55","guid":{"rendered":"https:\/\/www.i-sec.com\/about"},"modified":"2025-06-30T09:05:28","modified_gmt":"2025-06-30T07:05:28","slug":"ueber","status":"publish","type":"page","link":"https:\/\/www.i-sec.com\/de\/ueber","title":{"rendered":"\u00dcber uns"},"content":{"rendered":"","protected":false},"excerpt":{"rendered":"","protected":false},"author":1,"featured_media":0,"parent":0,"menu_order":0,"comment_status":"closed","ping_status":"closed","template":"templates\/tpl-blocks.php","meta":{"_acf_changed":false,"footnotes":""},"class_list":["post-1454","page","type-page","status-publish","hentry"],"acf":[],"yoast_head":"<!-- This site is optimized with the Yoast SEO plugin v26.9 - https:\/\/yoast.com\/product\/yoast-seo-wordpress\/ -->\n<title>\u00dcber uns - I-SEC<\/title>\n<meta name=\"description\" content=\"\u00dcber I-SEC - I-SEC wurde 2005 gegr\u00fcndet und hat sich auf die Bereitstellung fortschrittlicher Sicherheitsdienste weltweit spezialisiert.\" \/>\n<meta name=\"robots\" content=\"index, follow, max-snippet:-1, max-image-preview:large, max-video-preview:-1\" \/>\n<link rel=\"canonical\" href=\"https:\/\/www.i-sec.com\/de\/ueber\" \/>\n<meta property=\"og:locale\" content=\"de_DE\" \/>\n<meta property=\"og:type\" content=\"article\" \/>\n<meta property=\"og:title\" content=\"\u00dcber uns - I-SEC\" \/>\n<meta property=\"og:description\" content=\"\u00dcber I-SEC - I-SEC wurde 2005 gegr\u00fcndet und hat sich auf die Bereitstellung fortschrittlicher Sicherheitsdienste weltweit spezialisiert.\" \/>\n<meta property=\"og:url\" content=\"https:\/\/www.i-sec.com\/de\/ueber\" \/>\n<meta property=\"og:site_name\" content=\"I-SEC\" \/>\n<meta property=\"article:modified_time\" content=\"2025-06-30T07:05:28+00:00\" \/>\n<meta name=\"twitter:card\" content=\"summary_large_image\" \/>\n<meta name=\"twitter:label1\" content=\"Gesch\u00e4tzte Lesezeit\" \/>\n\t<meta name=\"twitter:data1\" content=\"7\u00a0Minuten\" \/>\n<script type=\"application\/ld+json\" class=\"yoast-schema-graph\">{\"@context\":\"https:\/\/schema.org\",\"@graph\":[{\"@type\":\"WebPage\",\"@id\":\"https:\/\/www.i-sec.com\/de\/ueber\",\"url\":\"https:\/\/www.i-sec.com\/de\/ueber\",\"name\":\"\u00dcber uns - I-SEC\",\"isPartOf\":{\"@id\":\"https:\/\/www.i-sec.com\/de#website\"},\"datePublished\":\"2024-05-02T15:10:55+00:00\",\"dateModified\":\"2025-06-30T07:05:28+00:00\",\"description\":\"\u00dcber I-SEC - I-SEC wurde 2005 gegr\u00fcndet und hat sich auf die Bereitstellung fortschrittlicher Sicherheitsdienste weltweit spezialisiert.\",\"breadcrumb\":{\"@id\":\"https:\/\/www.i-sec.com\/de\/ueber#breadcrumb\"},\"inLanguage\":\"de\",\"potentialAction\":[{\"@type\":\"ReadAction\",\"target\":[\"https:\/\/www.i-sec.com\/de\/ueber\"]}]},{\"@type\":\"BreadcrumbList\",\"@id\":\"https:\/\/www.i-sec.com\/de\/ueber#breadcrumb\",\"itemListElement\":[{\"@type\":\"ListItem\",\"position\":1,\"name\":\"Home\",\"item\":\"https:\/\/www.i-sec.com\/de\"},{\"@type\":\"ListItem\",\"position\":2,\"name\":\"\u00dcber uns\"}]},{\"@type\":\"WebSite\",\"@id\":\"https:\/\/www.i-sec.com\/de#website\",\"url\":\"https:\/\/www.i-sec.com\/de\",\"name\":\"I-SEC\",\"description\":\"\",\"potentialAction\":[{\"@type\":\"SearchAction\",\"target\":{\"@type\":\"EntryPoint\",\"urlTemplate\":\"https:\/\/www.i-sec.com\/de?s={search_term_string}\"},\"query-input\":{\"@type\":\"PropertyValueSpecification\",\"valueRequired\":true,\"valueName\":\"search_term_string\"}}],\"inLanguage\":\"de\"}]}<\/script>\n<!-- \/ Yoast SEO plugin. -->","yoast_head_json":{"title":"\u00dcber uns - I-SEC","description":"\u00dcber I-SEC - I-SEC wurde 2005 gegr\u00fcndet und hat sich auf die Bereitstellung fortschrittlicher Sicherheitsdienste weltweit spezialisiert.","robots":{"index":"index","follow":"follow","max-snippet":"max-snippet:-1","max-image-preview":"max-image-preview:large","max-video-preview":"max-video-preview:-1"},"canonical":"https:\/\/www.i-sec.com\/de\/ueber","og_locale":"de_DE","og_type":"article","og_title":"\u00dcber uns - I-SEC","og_description":"\u00dcber I-SEC - I-SEC wurde 2005 gegr\u00fcndet und hat sich auf die Bereitstellung fortschrittlicher Sicherheitsdienste weltweit spezialisiert.","og_url":"https:\/\/www.i-sec.com\/de\/ueber","og_site_name":"I-SEC","article_modified_time":"2025-06-30T07:05:28+00:00","twitter_card":"summary_large_image","twitter_misc":{"Gesch\u00e4tzte Lesezeit":"7\u00a0Minuten"},"schema":{"@context":"https:\/\/schema.org","@graph":[{"@type":"WebPage","@id":"https:\/\/www.i-sec.com\/de\/ueber","url":"https:\/\/www.i-sec.com\/de\/ueber","name":"\u00dcber uns - I-SEC","isPartOf":{"@id":"https:\/\/www.i-sec.com\/de#website"},"datePublished":"2024-05-02T15:10:55+00:00","dateModified":"2025-06-30T07:05:28+00:00","description":"\u00dcber I-SEC - I-SEC wurde 2005 gegr\u00fcndet und hat sich auf die Bereitstellung fortschrittlicher Sicherheitsdienste weltweit spezialisiert.","breadcrumb":{"@id":"https:\/\/www.i-sec.com\/de\/ueber#breadcrumb"},"inLanguage":"de","potentialAction":[{"@type":"ReadAction","target":["https:\/\/www.i-sec.com\/de\/ueber"]}]},{"@type":"BreadcrumbList","@id":"https:\/\/www.i-sec.com\/de\/ueber#breadcrumb","itemListElement":[{"@type":"ListItem","position":1,"name":"Home","item":"https:\/\/www.i-sec.com\/de"},{"@type":"ListItem","position":2,"name":"\u00dcber uns"}]},{"@type":"WebSite","@id":"https:\/\/www.i-sec.com\/de#website","url":"https:\/\/www.i-sec.com\/de","name":"I-SEC","description":"","potentialAction":[{"@type":"SearchAction","target":{"@type":"EntryPoint","urlTemplate":"https:\/\/www.i-sec.com\/de?s={search_term_string}"},"query-input":{"@type":"PropertyValueSpecification","valueRequired":true,"valueName":"search_term_string"}}],"inLanguage":"de"}]}},"_links":{"self":[{"href":"https:\/\/www.i-sec.com\/de\/wp-json\/wp\/v2\/pages\/1454","targetHints":{"allow":["GET"]}}],"collection":[{"href":"https:\/\/www.i-sec.com\/de\/wp-json\/wp\/v2\/pages"}],"about":[{"href":"https:\/\/www.i-sec.com\/de\/wp-json\/wp\/v2\/types\/page"}],"author":[{"embeddable":true,"href":"https:\/\/www.i-sec.com\/de\/wp-json\/wp\/v2\/users\/1"}],"replies":[{"embeddable":true,"href":"https:\/\/www.i-sec.com\/de\/wp-json\/wp\/v2\/comments?post=1454"}],"version-history":[{"count":27,"href":"https:\/\/www.i-sec.com\/de\/wp-json\/wp\/v2\/pages\/1454\/revisions"}],"predecessor-version":[{"id":5178,"href":"https:\/\/www.i-sec.com\/de\/wp-json\/wp\/v2\/pages\/1454\/revisions\/5178"}],"wp:attachment":[{"href":"https:\/\/www.i-sec.com\/de\/wp-json\/wp\/v2\/media?parent=1454"}],"curies":[{"name":"wp","href":"https:\/\/api.w.org\/{rel}","templated":true}]}}